{"id":39,"date":"2023-12-29T11:45:11","date_gmt":"2023-12-29T10:45:11","guid":{"rendered":"https:\/\/regina-kolobrzeg.pl\/?page_id=39"},"modified":"2024-01-08T09:07:48","modified_gmt":"2024-01-08T08:07:48","slug":"zaklad-pogrzebowy-regina","status":"publish","type":"page","link":"https:\/\/regina-kolobrzeg.pl\/","title":{"rendered":"O nas"},"content":{"rendered":"\n<div class=\"wp-block-columns is-layout-flex wp-container-core-columns-is-layout-9d6595d7 wp-block-columns-is-layout-flex\">\n<div class=\"wp-block-column is-layout-flow wp-block-column-is-layout-flow\" style=\"flex-basis:33.33%\">\n<figure class=\"wp-block-image size-full\"><img decoding=\"async\" width=\"188\" height=\"191\" src=\"https:\/\/regina-kolobrzeg.pl\/wp-content\/uploads\/2024\/01\/IMG_1804.jpg\" alt=\"\" class=\"wp-image-546\"\/><\/figure>\n<\/div>\n\n\n\n<div class=\"wp-block-column is-layout-flow wp-block-column-is-layout-flow\" style=\"flex-basis:66.66%\">\n<p style=\"font-size:16px\">Zak\u0142ad Pogrzebowy Regina Ko\u0142obrzeg jest znan\u0105 i cenion\u0105 na rynku funeralnym firm\u0105 dzia\u0142aj\u0105c\u0105 od blisko 20 lat. Jeste\u015bmy jednym z najwi\u0119kszych zak\u0142ad\u00f3w pogrzebowych w wojew\u00f3dztwie zachodniopomorskim i najwi\u0119kszym w powiecie ko\u0142obrzeskim. <\/p>\n\n\n\n<p style=\"font-size:16px\">Od lat nasza firma s\u0142u\u017cy Pa\u0144stwu pomoc\u0105 w tych trudnych chwilach, a zaufanie, kt\u00f3rym obdarzy\u0142o nas tysi\u0105ce rodzin \u015bwiadczy o naszym profesjonalizmie i indywidualnym podej\u015bciu do ka\u017cdego Klienta. <\/p>\n\n\n\n<p style=\"font-size:16px\">Oferujemy Pa\u0144stwu mi\u0119dzy innymi kompleksow\u0105 obs\u0142ug\u0119 oraz przygotowanie ceremonii pogrzebowych r\u00f3\u017cnych wyzna\u0144, dope\u0142nienie formalno\u015bci, krajowy i mi\u0119dzynarodowy transport os\u00f3b zmar\u0142ych, organizacj\u0119 kremacji, bogaty wyb\u00f3r trumien, urn i kwiat\u00f3w, ekshumacje. <\/p>\n\n\n\n<p style=\"font-size:16px\">Jeste\u015bmy do Pa\u0144stwa dyspozycji 24h\/7.<\/p>\n<\/div>\n<\/div>\n\n\n\n<p><\/p>\n","protected":false},"excerpt":{"rendered":"<p>Zak\u0142ad Pogrzebowy Regina Ko\u0142obrzeg jest znan\u0105 i cenion\u0105 na rynku funeralnym firm\u0105 dzia\u0142aj\u0105c\u0105 od blisko 20 lat. Jeste\u015bmy jednym z najwi\u0119kszych zak\u0142ad\u00f3w pogrzebowych w wojew\u00f3dztwie zachodniopomorskim i najwi\u0119kszym w powiecie ko\u0142obrzeskim. Od lat nasza firma s\u0142u\u017cy Pa\u0144stwu pomoc\u0105 w tych trudnych chwilach, a zaufanie, kt\u00f3rym obdarzy\u0142o nas tysi\u0105ce rodzin \u015bwiadczy o naszym profesjonalizmie i indywidualnym&#8230;<\/p>\n","protected":false},"author":1,"featured_media":0,"parent":0,"menu_order":0,"comment_status":"closed","ping_status":"closed","template":"","meta":{"footnotes":""},"class_list":["post-39","page","type-page","status-publish","hentry"],"yoast_head":"<!-- This site is optimized with the Yoast SEO plugin v21.7 - https:\/\/yoast.com\/wordpress\/plugins\/seo\/ -->\n<title>O nas - Zak\u0142ad Pogrzebowy &quot;Regina&quot; Ko\u0142obrzeg tel. 94 35 547 29<\/title>\n<meta name=\"description\" content=\"Zak\u0142ad pogrzebowy Regina, Us\u0142ugi pogrzebowe Ko\u0142obrzeg, pogrzeby, kremacje , urny, trumny cmentarz w Ko\u0142obrzegu, ekshumacje, transport\" \/>\n<meta name=\"robots\" content=\"index, follow, max-snippet:-1, max-image-preview:large, max-video-preview:-1\" \/>\n<link rel=\"canonical\" href=\"https:\/\/regina-kolobrzeg.pl\/\" \/>\n<meta property=\"og:locale\" content=\"pl_PL\" \/>\n<meta property=\"og:type\" content=\"article\" \/>\n<meta property=\"og:title\" content=\"O nas - Zak\u0142ad Pogrzebowy &quot;Regina&quot; Ko\u0142obrzeg tel. 94 35 547 29\" \/>\n<meta property=\"og:description\" content=\"Zak\u0142ad pogrzebowy Regina, Us\u0142ugi pogrzebowe Ko\u0142obrzeg, pogrzeby, kremacje , urny, trumny cmentarz w Ko\u0142obrzegu, ekshumacje, transport\" \/>\n<meta property=\"og:url\" content=\"https:\/\/regina-kolobrzeg.pl\/\" \/>\n<meta property=\"og:site_name\" content=\"Zak\u0142ad Pogrzebowy &quot;Regina&quot; Ko\u0142obrzeg tel. 94 35 547 29\" \/>\n<meta property=\"article:modified_time\" content=\"2024-01-08T08:07:48+00:00\" \/>\n<meta property=\"og:image\" content=\"https:\/\/regina-kolobrzeg.pl\/wp-content\/uploads\/2024\/01\/IMG_1804.jpg\" \/>\n<meta name=\"twitter:card\" content=\"summary_large_image\" \/>\n<meta name=\"twitter:label1\" content=\"Szacowany czas czytania\" \/>\n\t<meta name=\"twitter:data1\" content=\"1 minuta\" \/>\n<script type=\"application\/ld+json\" class=\"yoast-schema-graph\">{\"@context\":\"https:\/\/schema.org\",\"@graph\":[{\"@type\":\"WebPage\",\"@id\":\"https:\/\/regina-kolobrzeg.pl\/\",\"url\":\"https:\/\/regina-kolobrzeg.pl\/\",\"name\":\"O nas - Zak\u0142ad Pogrzebowy &quot;Regina&quot; Ko\u0142obrzeg tel. 94 35 547 29\",\"isPartOf\":{\"@id\":\"https:\/\/regina-kolobrzeg.pl\/#website\"},\"datePublished\":\"2023-12-29T10:45:11+00:00\",\"dateModified\":\"2024-01-08T08:07:48+00:00\",\"description\":\"Zak\u0142ad pogrzebowy Regina, Us\u0142ugi pogrzebowe Ko\u0142obrzeg, pogrzeby, kremacje , urny, trumny cmentarz w Ko\u0142obrzegu, ekshumacje, transport\",\"breadcrumb\":{\"@id\":\"https:\/\/regina-kolobrzeg.pl\/#breadcrumb\"},\"inLanguage\":\"pl-PL\",\"potentialAction\":[{\"@type\":\"ReadAction\",\"target\":[\"https:\/\/regina-kolobrzeg.pl\/\"]}]},{\"@type\":\"BreadcrumbList\",\"@id\":\"https:\/\/regina-kolobrzeg.pl\/#breadcrumb\",\"itemListElement\":[{\"@type\":\"ListItem\",\"position\":1,\"name\":\"Home\",\"item\":\"https:\/\/regina-kolobrzeg.pl\/\"},{\"@type\":\"ListItem\",\"position\":2,\"name\":\"O nas\"}]},{\"@type\":\"WebSite\",\"@id\":\"https:\/\/regina-kolobrzeg.pl\/#website\",\"url\":\"https:\/\/regina-kolobrzeg.pl\/\",\"name\":\"Zak\u0142ad Pogrzebowy &quot;Regina&quot; Ko\u0142obrzeg tel. 94 35 547 29\",\"description\":\"\",\"potentialAction\":[{\"@type\":\"SearchAction\",\"target\":{\"@type\":\"EntryPoint\",\"urlTemplate\":\"https:\/\/regina-kolobrzeg.pl\/?s={search_term_string}\"},\"query-input\":\"required name=search_term_string\"}],\"inLanguage\":\"pl-PL\"}]}<\/script>\n<!-- \/ Yoast SEO plugin. -->","yoast_head_json":{"title":"O nas - Zak\u0142ad Pogrzebowy &quot;Regina&quot; Ko\u0142obrzeg tel. 94 35 547 29","description":"Zak\u0142ad pogrzebowy Regina, Us\u0142ugi pogrzebowe Ko\u0142obrzeg, pogrzeby, kremacje , urny, trumny cmentarz w Ko\u0142obrzegu, ekshumacje, transport","robots":{"index":"index","follow":"follow","max-snippet":"max-snippet:-1","max-image-preview":"max-image-preview:large","max-video-preview":"max-video-preview:-1"},"canonical":"https:\/\/regina-kolobrzeg.pl\/","og_locale":"pl_PL","og_type":"article","og_title":"O nas - Zak\u0142ad Pogrzebowy &quot;Regina&quot; Ko\u0142obrzeg tel. 94 35 547 29","og_description":"Zak\u0142ad pogrzebowy Regina, Us\u0142ugi pogrzebowe Ko\u0142obrzeg, pogrzeby, kremacje , urny, trumny cmentarz w Ko\u0142obrzegu, ekshumacje, transport","og_url":"https:\/\/regina-kolobrzeg.pl\/","og_site_name":"Zak\u0142ad Pogrzebowy &quot;Regina&quot; Ko\u0142obrzeg tel. 94 35 547 29","article_modified_time":"2024-01-08T08:07:48+00:00","og_image":[{"url":"https:\/\/regina-kolobrzeg.pl\/wp-content\/uploads\/2024\/01\/IMG_1804.jpg"}],"twitter_card":"summary_large_image","twitter_misc":{"Szacowany czas czytania":"1 minuta"},"schema":{"@context":"https:\/\/schema.org","@graph":[{"@type":"WebPage","@id":"https:\/\/regina-kolobrzeg.pl\/","url":"https:\/\/regina-kolobrzeg.pl\/","name":"O nas - Zak\u0142ad Pogrzebowy &quot;Regina&quot; Ko\u0142obrzeg tel. 94 35 547 29","isPartOf":{"@id":"https:\/\/regina-kolobrzeg.pl\/#website"},"datePublished":"2023-12-29T10:45:11+00:00","dateModified":"2024-01-08T08:07:48+00:00","description":"Zak\u0142ad pogrzebowy Regina, Us\u0142ugi pogrzebowe Ko\u0142obrzeg, pogrzeby, kremacje , urny, trumny cmentarz w Ko\u0142obrzegu, ekshumacje, transport","breadcrumb":{"@id":"https:\/\/regina-kolobrzeg.pl\/#breadcrumb"},"inLanguage":"pl-PL","potentialAction":[{"@type":"ReadAction","target":["https:\/\/regina-kolobrzeg.pl\/"]}]},{"@type":"BreadcrumbList","@id":"https:\/\/regina-kolobrzeg.pl\/#breadcrumb","itemListElement":[{"@type":"ListItem","position":1,"name":"Home","item":"https:\/\/regina-kolobrzeg.pl\/"},{"@type":"ListItem","position":2,"name":"O nas"}]},{"@type":"WebSite","@id":"https:\/\/regina-kolobrzeg.pl\/#website","url":"https:\/\/regina-kolobrzeg.pl\/","name":"Zak\u0142ad Pogrzebowy &quot;Regina&quot; Ko\u0142obrzeg tel. 94 35 547 29","description":"","potentialAction":[{"@type":"SearchAction","target":{"@type":"EntryPoint","urlTemplate":"https:\/\/regina-kolobrzeg.pl\/?s={search_term_string}"},"query-input":"required name=search_term_string"}],"inLanguage":"pl-PL"}]}},"_links":{"self":[{"href":"https:\/\/regina-kolobrzeg.pl\/index.php?rest_route=\/wp\/v2\/pages\/39","targetHints":{"allow":["GET"]}}],"collection":[{"href":"https:\/\/regina-kolobrzeg.pl\/index.php?rest_route=\/wp\/v2\/pages"}],"about":[{"href":"https:\/\/regina-kolobrzeg.pl\/index.php?rest_route=\/wp\/v2\/types\/page"}],"author":[{"embeddable":true,"href":"https:\/\/regina-kolobrzeg.pl\/index.php?rest_route=\/wp\/v2\/users\/1"}],"replies":[{"embeddable":true,"href":"https:\/\/regina-kolobrzeg.pl\/index.php?rest_route=%2Fwp%2Fv2%2Fcomments&post=39"}],"version-history":[{"count":7,"href":"https:\/\/regina-kolobrzeg.pl\/index.php?rest_route=\/wp\/v2\/pages\/39\/revisions"}],"predecessor-version":[{"id":676,"href":"https:\/\/regina-kolobrzeg.pl\/index.php?rest_route=\/wp\/v2\/pages\/39\/revisions\/676"}],"wp:attachment":[{"href":"https:\/\/regina-kolobrzeg.pl\/index.php?rest_route=%2Fwp%2Fv2%2Fmedia&parent=39"}],"curies":[{"name":"wp","href":"https:\/\/api.w.org\/{rel}","templated":true}]}}